{"id":2931,"date":"2025-10-02T14:08:46","date_gmt":"2025-10-02T14:08:46","guid":{"rendered":"https:\/\/wptwan.nl\/?page_id=2931"},"modified":"2025-10-02T20:27:38","modified_gmt":"2025-10-02T20:27:38","slug":"wordpress-begrippenlijst-voor-ondernemers","status":"publish","type":"page","link":"https:\/\/wptwan.nl\/en\/wordpress-begrippenlijst-voor-ondernemers\/","title":{"rendered":"WordPress begrippenlijst voor ondernemers"},"content":{"rendered":"\t\t<div data-elementor-type=\"wp-page\" data-elementor-id=\"2931\" class=\"elementor elementor-2931\" data-elementor-post-type=\"page\">\n\t\t\t\t<div class=\"elementor-element elementor-element-2bd3484 e-flex e-con-boxed e-con e-parent\" data-id=\"2bd3484\" data-element_type=\"container\" data-e-type=\"container\">\n\t\t\t\t\t<div class=\"e-con-inner\">\n\t\t<div class=\"elementor-element elementor-element-16ddd50 e-con-full e-flex e-con e-child\" data-id=\"16ddd50\" data-element_type=\"container\" data-e-type=\"container\">\n\t\t\t\t<div class=\"elementor-element elementor-element-9fa8dd4 elementor-widget elementor-widget-heading\" data-id=\"9fa8dd4\" data-element_type=\"widget\" data-e-type=\"widget\" data-widget_type=\"heading.default\">\n\t\t\t\t\t<h1 class=\"elementor-heading-title elementor-size-default\">Handige <b>begrippenlijst<\/b> voor ondernemers met een WordPress website.<\/h1>\t\t\t\t<\/div>\n\t\t\t\t<div class=\"elementor-element elementor-element-372e577 elementor-widget elementor-widget-text-editor\" data-id=\"372e577\" data-element_type=\"widget\" data-e-type=\"widget\" data-widget_type=\"text-editor.default\">\n\t\t\t\t\t\t\t\t\t<p data-start=\"177\" data-end=\"485\">Ben je ondernemer en heb je een WordPress-website? Dan loop je vast regelmatig tegen termen aan waarvan je denkt: <em data-start=\"291\" data-end=\"322\">\u201cWat betekent dit eigenlijk?\u201d<\/em>. In deze WordPress begrippenlijst vind je duidelijke uitleg van alle belangrijke onderdelen van WordPress \u2013 van plugins en thema\u2019s tot beveiliging en onderhoud.<\/p><p data-start=\"487\" data-end=\"739\"><strong>De lijst is speciaal geschreven voor ondernemers en website-eigenaren zonder technische achtergrond.<\/strong> Bij elk begrip staat niet alleen wat het betekent, maar ook wat jij er zelf mee kunt doen om je website sneller, veiliger en beter vindbaar te maken.<\/p><p data-start=\"741\" data-end=\"890\">Gebruik deze begrippenlijst als naslagwerk wanneer je je website onderhoudt, of gewoon om stap voor stap meer grip te krijgen op je WordPress-site.<\/p>\t\t\t\t\t\t\t\t<\/div>\n\t\t\t\t<\/div>\n\t\t\t\t\t<\/div>\n\t\t\t\t<\/div>\n\t\t<div class=\"elementor-element elementor-element-fb30118 e-flex e-con-boxed e-con e-parent\" data-id=\"fb30118\" data-element_type=\"container\" data-e-type=\"container\" data-settings=\"{&quot;background_background&quot;:&quot;classic&quot;}\">\n\t\t\t\t\t<div class=\"e-con-inner\">\n\t\t<div class=\"elementor-element elementor-element-ef543be e-con-full e-flex e-con e-child\" data-id=\"ef543be\" data-element_type=\"container\" data-e-type=\"container\">\n\t\t\t\t<div class=\"elementor-element elementor-element-0bde4eb elementor-toc--content-ellipsis elementor-toc--minimized-on-tablet elementor-widget elementor-widget-table-of-contents\" data-id=\"0bde4eb\" data-element_type=\"widget\" data-e-type=\"widget\" data-settings=\"{&quot;exclude_headings_by_selector&quot;:&quot;.sidebar&quot;,&quot;no_headings_message&quot;:&quot;No headings were found on this page.&quot;,&quot;sticky&quot;:&quot;top&quot;,&quot;sticky_on&quot;:[&quot;desktop&quot;,&quot;tablet&quot;],&quot;sticky_offset&quot;:110,&quot;sticky_parent&quot;:&quot;yes&quot;,&quot;headings_by_tags&quot;:[&quot;h2&quot;],&quot;marker_view&quot;:&quot;numbers&quot;,&quot;minimize_box&quot;:&quot;yes&quot;,&quot;minimized_on&quot;:&quot;tablet&quot;,&quot;hierarchical_view&quot;:&quot;yes&quot;,&quot;min_height&quot;:{&quot;unit&quot;:&quot;px&quot;,&quot;size&quot;:&quot;&quot;,&quot;sizes&quot;:[]},&quot;min_height_tablet&quot;:{&quot;unit&quot;:&quot;px&quot;,&quot;size&quot;:&quot;&quot;,&quot;sizes&quot;:[]},&quot;min_height_mobile&quot;:{&quot;unit&quot;:&quot;px&quot;,&quot;size&quot;:&quot;&quot;,&quot;sizes&quot;:[]},&quot;sticky_effects_offset&quot;:0,&quot;sticky_anchor_link_offset&quot;:0}\" data-widget_type=\"table-of-contents.default\">\n\t\t\t\t\t\t\t\t\t<div class=\"elementor-toc__header\">\n\t\t\t\t\t\t<h2 class=\"elementor-toc__header-title\">\n\t\t\t\tOp deze pagina\t\t\t<\/h2>\n\t\t\t\t\t\t\t\t\t\t<div class=\"elementor-toc__toggle-button elementor-toc__toggle-button--expand\" role=\"button\" tabindex=\"0\" aria-controls=\"elementor-toc__0bde4eb\" aria-expanded=\"true\" aria-label=\"Open table of contents\"><svg aria-hidden=\"true\" class=\"e-font-icon-svg e-fas-chevron-down\" viewBox=\"0 0 448 512\" xmlns=\"http:\/\/www.w3.org\/2000\/svg\"><path d=\"M207.029 381.476L12.686 187.132c-9.373-9.373-9.373-24.569 0-33.941l22.667-22.667c9.357-9.357 24.522-9.375 33.901-.04L224 284.505l154.745-154.021c9.379-9.335 24.544-9.317 33.901.04l22.667 22.667c9.373 9.373 9.373 24.569 0 33.941L240.971 381.476c-9.373 9.372-24.569 9.372-33.942 0z\"><\/path><\/svg><\/div>\n\t\t\t\t<div class=\"elementor-toc__toggle-button elementor-toc__toggle-button--collapse\" role=\"button\" tabindex=\"0\" aria-controls=\"elementor-toc__0bde4eb\" aria-expanded=\"true\" aria-label=\"Close table of contents\"><svg aria-hidden=\"true\" class=\"e-font-icon-svg e-fas-chevron-up\" viewBox=\"0 0 448 512\" xmlns=\"http:\/\/www.w3.org\/2000\/svg\"><path d=\"M240.971 130.524l194.343 194.343c9.373 9.373 9.373 24.569 0 33.941l-22.667 22.667c-9.357 9.357-24.522 9.375-33.901.04L224 227.495 69.255 381.516c-9.379 9.335-24.544 9.317-33.901-.04l-22.667-22.667c-9.373-9.373-9.373-24.569 0-33.941L207.03 130.525c9.372-9.373 24.568-9.373 33.941-.001z\"><\/path><\/svg><\/div>\n\t\t\t\t\t<\/div>\n\t\t\t\t<div id=\"elementor-toc__0bde4eb\" class=\"elementor-toc__body\">\n\t\t\t<div class=\"elementor-toc__spinner-container\">\n\t\t\t\t<svg class=\"elementor-toc__spinner eicon-animation-spin e-font-icon-svg e-eicon-loading\" aria-hidden=\"true\" viewBox=\"0 0 1000 1000\" xmlns=\"http:\/\/www.w3.org\/2000\/svg\"><path d=\"M500 975V858C696 858 858 696 858 500S696 142 500 142 142 304 142 500H25C25 237 238 25 500 25S975 237 975 500 763 975 500 975Z\"><\/path><\/svg>\t\t\t<\/div>\n\t\t<\/div>\n\t\t\t\t\t\t<\/div>\n\t\t\t\t<\/div>\n\t\t<div class=\"elementor-element elementor-element-18a70d7 e-con-full e-flex e-con e-child\" data-id=\"18a70d7\" data-element_type=\"container\" data-e-type=\"container\">\n\t\t<div class=\"elementor-element elementor-element-a1c0e19 e-con-full e-flex e-con e-child\" data-id=\"a1c0e19\" data-element_type=\"container\" data-e-type=\"container\">\n\t\t\t\t<div class=\"elementor-element elementor-element-dbf6457 elementor-widget elementor-widget-heading\" data-id=\"dbf6457\" data-element_type=\"widget\" data-e-type=\"widget\" data-widget_type=\"heading.default\">\n\t\t\t\t\t<h2 class=\"elementor-heading-title elementor-size-default\">WordPress Onderhoud<\/h2>\t\t\t\t<\/div>\n\t\t\t\t<div class=\"elementor-element elementor-element-df1ef31 elementor-widget-divider--view-line elementor-widget elementor-widget-divider\" data-id=\"df1ef31\" data-element_type=\"widget\" data-e-type=\"widget\" data-widget_type=\"divider.default\">\n\t\t\t\t\t\t\t<div class=\"elementor-divider\">\n\t\t\t<span class=\"elementor-divider-separator\">\n\t\t\t\t\t\t<\/span>\n\t\t<\/div>\n\t\t\t\t\t\t<\/div>\n\t\t\t\t<div class=\"elementor-element elementor-element-d1441b9 elementor-widget elementor-widget-text-editor\" data-id=\"d1441b9\" data-element_type=\"widget\" data-e-type=\"widget\" data-widget_type=\"text-editor.default\">\n\t\t\t\t\t\t\t\t\t<h3 data-start=\"348\" data-end=\"367\">WordPress core<\/h3><p data-start=\"368\" data-end=\"658\">De core is de basis van WordPress. In de WordPress core zitten bestanden als de wp-config, de htaccess, de index.php. Regelmatige updates zorgen voor nieuwe functies en beveiligingspatches. Voor ondernemers betekent dit dat je website stabiel en veilig blijft.<br data-start=\"545\" data-end=\"548\" \/><strong data-start=\"548\" data-end=\"574\">Wat je zelf kunt doen:<\/strong> Controleer maandelijks of er updates klaarstaan en voer ze door via je dashboard.<\/p><h3 data-start=\"660\" data-end=\"672\">Plugins<\/h3><p data-start=\"673\" data-end=\"960\">Plugins zijn uitbreidingen waarmee je extra functies toevoegt aan je website, zoals formulieren of webshops. Te veel of slecht onderhouden plugins kunnen je site traag en kwetsbaar maken.<br data-start=\"860\" data-end=\"863\" \/><strong data-start=\"863\" data-end=\"889\">Wat je zelf kunt doen:<\/strong> Verwijder plugins die je niet gebruikt en update de rest regelmatig, bijvoorbeeld eens per maand (let op: zet de automatische plugin updates op <strong>uit<\/strong>. Zo voorkom je problemen).\u00a0<\/p><h3 data-start=\"962\" data-end=\"972\">Thema<\/h3><p data-start=\"973\" data-end=\"1229\">Een thema bepaalt het ontwerp en de stijl van je website. Het kiezen van een betrouwbaar thema helpt om je website snel en veilig te houden.<br data-start=\"1113\" data-end=\"1116\" \/><strong data-start=\"1116\" data-end=\"1142\">Wat je zelf kunt doen:<\/strong> Kies een thema uit de offici\u00eble WordPress library of een betrouwbaar premium-aanbod.<\/p><h3 data-start=\"1231\" data-end=\"1247\">Child theme<\/h3><p data-start=\"1248\" data-end=\"1504\">Een child theme is een kopie van je thema waar je eigen aanpassingen veilig kunt doen. Dit voorkomt dat je werk verdwijnt bij een update van het hoofdthema.<br data-start=\"1404\" data-end=\"1407\" \/><strong data-start=\"1407\" data-end=\"1433\">Wat je zelf kunt doen:<\/strong> Laat een child theme installeren voordat je met aanpassingen begint.<\/p><h3 data-start=\"1506\" data-end=\"1518\">Updates<\/h3><p data-start=\"1519\" data-end=\"1767\">WordPress, thema\u2019s en plugins krijgen regelmatig updates. Voor ondernemers is het cruciaal om die bij te houden, anders loop je risico op storingen of hacks.<br data-start=\"1676\" data-end=\"1679\" \/><strong data-start=\"1679\" data-end=\"1705\">Wat je zelf kunt doen:<\/strong> Log maandelijks in en update \u00e9\u00e9n voor \u00e9\u00e9n wat beschikbaar is.<\/p><h3 data-start=\"1769\" data-end=\"1781\">Backups<\/h3><p data-start=\"1782\" data-end=\"2026\">Een backup is een reservekopie van je website en database. Hiermee kun je je site herstellen als er iets misgaat. Als het goed is, maakt jouw <a href=\"https:\/\/wptwan.nl\/webhosting-pakket\/\">Webhost<\/a> automatische server backups. Zo niet, kun je deze aanvragen. Naast server backups is het ook altijd handig om <a href=\"https:\/\/wptwan.nl\/premium-backups\/\">off-server backups<\/a> te hebben, gewoon old school op je eigen computer.<br data-start=\"1895\" data-end=\"1898\" \/><strong data-start=\"1898\" data-end=\"1924\">Wat je zelf kunt doen:<\/strong> Installeer een backup-plugin en stel automatische backups in (bijvoorbeeld dagelijks of wekelijks).\u00a0<\/p>\t\t\t\t\t\t\t\t<\/div>\n\t\t\t\t<div class=\"elementor-element elementor-element-b94c14e elementor-widget-divider--view-line elementor-widget elementor-widget-divider\" data-id=\"b94c14e\" data-element_type=\"widget\" data-e-type=\"widget\" data-widget_type=\"divider.default\">\n\t\t\t\t\t\t\t<div class=\"elementor-divider\">\n\t\t\t<span class=\"elementor-divider-separator\">\n\t\t\t\t\t\t<\/span>\n\t\t<\/div>\n\t\t\t\t\t\t<\/div>\n\t\t\t\t<\/div>\n\t\t<div class=\"elementor-element elementor-element-71e0e97 e-con-full e-flex e-con e-child\" data-id=\"71e0e97\" data-element_type=\"container\" data-e-type=\"container\">\n\t\t\t\t<div class=\"elementor-element elementor-element-c45e328 elementor-widget elementor-widget-heading\" data-id=\"c45e328\" data-element_type=\"widget\" data-e-type=\"widget\" data-widget_type=\"heading.default\">\n\t\t\t\t\t<h2 class=\"elementor-heading-title elementor-size-default\">WordPress Beveiliging<\/h2>\t\t\t\t<\/div>\n\t\t\t\t<div class=\"elementor-element elementor-element-7873c99 elementor-widget-divider--view-line elementor-widget elementor-widget-divider\" data-id=\"7873c99\" data-element_type=\"widget\" data-e-type=\"widget\" data-widget_type=\"divider.default\">\n\t\t\t\t\t\t\t<div class=\"elementor-divider\">\n\t\t\t<span class=\"elementor-divider-separator\">\n\t\t\t\t\t\t<\/span>\n\t\t<\/div>\n\t\t\t\t\t\t<\/div>\n\t\t\t\t<div class=\"elementor-element elementor-element-4fd0abe elementor-widget elementor-widget-text-editor\" data-id=\"4fd0abe\" data-element_type=\"widget\" data-e-type=\"widget\" data-widget_type=\"text-editor.default\">\n\t\t\t\t\t\t\t\t\t<h3 data-start=\"348\" data-end=\"367\">WordPress core<\/h3><p data-start=\"368\" data-end=\"658\">De core is de basis van WordPress. In de WordPress core zitten bestanden als de wp-config, de htaccess, de index.php. Regelmatige updates zorgen voor nieuwe functies en beveiligingspatches. Voor ondernemers betekent dit dat je website stabiel en veilig blijft.<br data-start=\"545\" data-end=\"548\" \/><strong data-start=\"548\" data-end=\"574\">Wat je zelf kunt doen:<\/strong> Controleer maandelijks of er updates klaarstaan en voer ze door via je dashboard.<\/p><h3 data-start=\"660\" data-end=\"672\">Plugins<\/h3><p data-start=\"673\" data-end=\"960\">Plugins zijn uitbreidingen waarmee je extra functies toevoegt aan je website, zoals formulieren of webshops. Te veel of slecht onderhouden plugins kunnen je site traag en kwetsbaar maken.<br data-start=\"860\" data-end=\"863\" \/><strong data-start=\"863\" data-end=\"889\">Wat je zelf kunt doen:<\/strong> Verwijder plugins die je niet gebruikt en update de rest regelmatig, bijvoorbeeld eens per maand (let op: zet de automatische plugin updates op <strong>uit<\/strong>. Zo voorkom je problemen).\u00a0<\/p><h3 data-start=\"962\" data-end=\"972\">Thema<\/h3><p data-start=\"973\" data-end=\"1229\">Een thema bepaalt het ontwerp en de stijl van je website. Het kiezen van een betrouwbaar thema helpt om je website snel en veilig te houden.<br data-start=\"1113\" data-end=\"1116\" \/><strong data-start=\"1116\" data-end=\"1142\">Wat je zelf kunt doen:<\/strong> Kies een thema uit de offici\u00eble WordPress library of een betrouwbaar premium-aanbod.<\/p><h3 data-start=\"1231\" data-end=\"1247\">Child theme<\/h3><p data-start=\"1248\" data-end=\"1504\">Een child theme is een kopie van je thema waar je eigen aanpassingen veilig kunt doen. Dit voorkomt dat je werk verdwijnt bij een update van het hoofdthema.<br data-start=\"1404\" data-end=\"1407\" \/><strong data-start=\"1407\" data-end=\"1433\">Wat je zelf kunt doen:<\/strong> Laat een child theme installeren voordat je met aanpassingen begint.<\/p><h3 data-start=\"1506\" data-end=\"1518\">Updates<\/h3><p data-start=\"1519\" data-end=\"1767\">WordPress, thema\u2019s en plugins krijgen regelmatig updates. Voor ondernemers is het cruciaal om die bij te houden, anders loop je risico op storingen of hacks.<br data-start=\"1676\" data-end=\"1679\" \/><strong data-start=\"1679\" data-end=\"1705\">Wat je zelf kunt doen:<\/strong> Log maandelijks in en update \u00e9\u00e9n voor \u00e9\u00e9n wat beschikbaar is.<\/p><h3 data-start=\"1769\" data-end=\"1781\">Backups<\/h3><p data-start=\"1782\" data-end=\"2026\">Een backup is een reservekopie van je website en database. Hiermee kun je je site herstellen als er iets misgaat. Als het goed is, maakt jouw <a href=\"https:\/\/wptwan.nl\/webhosting-pakket\/\">Webhost<\/a> automatische server backups. Zo niet, kun je deze aanvragen. Naast server backups is het ook altijd handig om <a href=\"https:\/\/wptwan.nl\/premium-backups\/\">off-server backups<\/a> te hebben, gewoon old school op je eigen computer.<br data-start=\"1895\" data-end=\"1898\" \/><strong data-start=\"1898\" data-end=\"1924\">Wat je zelf kunt doen:<\/strong> Installeer een backup-plugin en stel automatische backups in (bijvoorbeeld dagelijks of wekelijks).\u00a0<\/p>\t\t\t\t\t\t\t\t<\/div>\n\t\t\t\t<\/div>\n\t\t\t\t<\/div>\n\t\t\t\t\t<\/div>\n\t\t\t\t<\/div>\n\t\t\t\t<\/div>\n\t\t","protected":false},"excerpt":{"rendered":"<p>Handige begrippenlijst voor ondernemers met een WordPress website. Ben je ondernemer en heb je een WordPress-website? Dan loop je vast regelmatig tegen termen aan waarvan je denkt: \u201cWat betekent dit eigenlijk?\u201d. In deze WordPress begrippenlijst vind je duidelijke uitleg van alle belangrijke onderdelen van WordPress \u2013 van plugins en thema\u2019s tot beveiliging en onderhoud. De [&hellip;]<\/p>\n","protected":false},"author":1,"featured_media":0,"parent":0,"menu_order":0,"comment_status":"closed","ping_status":"closed","template":"elementor_header_footer","meta":{"footnotes":""},"class_list":["post-2931","page","type-page","status-publish","hentry"],"blocksy_meta":[],"yoast_head":"<!-- This site is optimized with the Yoast SEO plugin v27.1.1 - https:\/\/yoast.com\/product\/yoast-seo-wordpress\/ -->\n<title>Wordpress begrippenlijst voor ondernemers - WP Twan<\/title>\n<meta name=\"description\" content=\"Ben je ondernemer en heb je een WordPress-website? Dan loop je vast regelmatig tegen termen aan waarvan je denkt: Wat betekent dit eigenlijk?\" \/>\n<meta name=\"robots\" content=\"index, follow, max-snippet:-1, max-image-preview:large, max-video-preview:-1\" \/>\n<link rel=\"canonical\" href=\"https:\/\/wptwan.nl\/en\/wordpress-begrippenlijst-voor-ondernemers\/\" \/>\n<meta property=\"og:locale\" content=\"en_GB\" \/>\n<meta property=\"og:type\" content=\"article\" \/>\n<meta property=\"og:title\" content=\"Wordpress begrippenlijst voor ondernemers - WP Twan\" \/>\n<meta property=\"og:description\" content=\"Ben je ondernemer en heb je een WordPress-website? Dan loop je vast regelmatig tegen termen aan waarvan je denkt: Wat betekent dit eigenlijk?\" \/>\n<meta property=\"og:url\" content=\"https:\/\/wptwan.nl\/en\/wordpress-begrippenlijst-voor-ondernemers\/\" \/>\n<meta property=\"og:site_name\" content=\"WP Twan\" \/>\n<meta property=\"article:modified_time\" content=\"2025-10-02T20:27:38+00:00\" \/>\n<meta name=\"twitter:card\" content=\"summary_large_image\" \/>\n<meta name=\"twitter:label1\" content=\"Estimated reading time\" \/>\n\t<meta name=\"twitter:data1\" content=\"4 minutes\" \/>\n<script type=\"application\/ld+json\" class=\"yoast-schema-graph\">{\"@context\":\"https:\/\/schema.org\",\"@graph\":[{\"@type\":\"WebPage\",\"@id\":\"https:\/\/wptwan.nl\/wordpress-begrippenlijst-voor-ondernemers\/\",\"url\":\"https:\/\/wptwan.nl\/wordpress-begrippenlijst-voor-ondernemers\/\",\"name\":\"Wordpress begrippenlijst voor ondernemers - WP Twan\",\"isPartOf\":{\"@id\":\"https:\/\/wptwan.nl\/#website\"},\"datePublished\":\"2025-10-02T14:08:46+00:00\",\"dateModified\":\"2025-10-02T20:27:38+00:00\",\"description\":\"Ben je ondernemer en heb je een WordPress-website? Dan loop je vast regelmatig tegen termen aan waarvan je denkt: Wat betekent dit eigenlijk?\",\"breadcrumb\":{\"@id\":\"https:\/\/wptwan.nl\/wordpress-begrippenlijst-voor-ondernemers\/#breadcrumb\"},\"inLanguage\":\"en-GB\",\"potentialAction\":[{\"@type\":\"ReadAction\",\"target\":[\"https:\/\/wptwan.nl\/wordpress-begrippenlijst-voor-ondernemers\/\"]}]},{\"@type\":\"BreadcrumbList\",\"@id\":\"https:\/\/wptwan.nl\/wordpress-begrippenlijst-voor-ondernemers\/#breadcrumb\",\"itemListElement\":[{\"@type\":\"ListItem\",\"position\":1,\"name\":\"Home\",\"item\":\"https:\/\/wptwan.nl\/\"},{\"@type\":\"ListItem\",\"position\":2,\"name\":\"WordPress begrippenlijst voor ondernemers\"}]},{\"@type\":\"WebSite\",\"@id\":\"https:\/\/wptwan.nl\/#website\",\"url\":\"https:\/\/wptwan.nl\/\",\"name\":\"WP Twan\",\"description\":\"Website Designer Amsterdam\",\"publisher\":{\"@id\":\"https:\/\/wptwan.nl\/#organization\"},\"potentialAction\":[{\"@type\":\"SearchAction\",\"target\":{\"@type\":\"EntryPoint\",\"urlTemplate\":\"https:\/\/wptwan.nl\/?s={search_term_string}\"},\"query-input\":{\"@type\":\"PropertyValueSpecification\",\"valueRequired\":true,\"valueName\":\"search_term_string\"}}],\"inLanguage\":\"en-GB\"},{\"@type\":\"Organization\",\"@id\":\"https:\/\/wptwan.nl\/#organization\",\"name\":\"WP Twan\",\"url\":\"https:\/\/wptwan.nl\/\",\"logo\":{\"@type\":\"ImageObject\",\"inLanguage\":\"en-GB\",\"@id\":\"https:\/\/wptwan.nl\/#\/schema\/logo\/image\/\",\"url\":\"https:\/\/wptwan.nl\/wp-content\/uploads\/2025\/09\/250914_WPTwan-logo.png\",\"contentUrl\":\"https:\/\/wptwan.nl\/wp-content\/uploads\/2025\/09\/250914_WPTwan-logo.png\",\"width\":1114,\"height\":701,\"caption\":\"WP Twan\"},\"image\":{\"@id\":\"https:\/\/wptwan.nl\/#\/schema\/logo\/image\/\"}}]}<\/script>\n<!-- \/ Yoast SEO plugin. -->","yoast_head_json":{"title":"Wordpress begrippenlijst voor ondernemers - WP Twan","description":"Ben je ondernemer en heb je een WordPress-website? Dan loop je vast regelmatig tegen termen aan waarvan je denkt: Wat betekent dit eigenlijk?","robots":{"index":"index","follow":"follow","max-snippet":"max-snippet:-1","max-image-preview":"max-image-preview:large","max-video-preview":"max-video-preview:-1"},"canonical":"https:\/\/wptwan.nl\/en\/wordpress-begrippenlijst-voor-ondernemers\/","og_locale":"en_GB","og_type":"article","og_title":"Wordpress begrippenlijst voor ondernemers - WP Twan","og_description":"Ben je ondernemer en heb je een WordPress-website? Dan loop je vast regelmatig tegen termen aan waarvan je denkt: Wat betekent dit eigenlijk?","og_url":"https:\/\/wptwan.nl\/en\/wordpress-begrippenlijst-voor-ondernemers\/","og_site_name":"WP Twan","article_modified_time":"2025-10-02T20:27:38+00:00","twitter_card":"summary_large_image","twitter_misc":{"Estimated reading time":"4 minutes"},"schema":{"@context":"https:\/\/schema.org","@graph":[{"@type":"WebPage","@id":"https:\/\/wptwan.nl\/wordpress-begrippenlijst-voor-ondernemers\/","url":"https:\/\/wptwan.nl\/wordpress-begrippenlijst-voor-ondernemers\/","name":"Wordpress begrippenlijst voor ondernemers - WP Twan","isPartOf":{"@id":"https:\/\/wptwan.nl\/#website"},"datePublished":"2025-10-02T14:08:46+00:00","dateModified":"2025-10-02T20:27:38+00:00","description":"Ben je ondernemer en heb je een WordPress-website? Dan loop je vast regelmatig tegen termen aan waarvan je denkt: Wat betekent dit eigenlijk?","breadcrumb":{"@id":"https:\/\/wptwan.nl\/wordpress-begrippenlijst-voor-ondernemers\/#breadcrumb"},"inLanguage":"en-GB","potentialAction":[{"@type":"ReadAction","target":["https:\/\/wptwan.nl\/wordpress-begrippenlijst-voor-ondernemers\/"]}]},{"@type":"BreadcrumbList","@id":"https:\/\/wptwan.nl\/wordpress-begrippenlijst-voor-ondernemers\/#breadcrumb","itemListElement":[{"@type":"ListItem","position":1,"name":"Home","item":"https:\/\/wptwan.nl\/"},{"@type":"ListItem","position":2,"name":"WordPress begrippenlijst voor ondernemers"}]},{"@type":"WebSite","@id":"https:\/\/wptwan.nl\/#website","url":"https:\/\/wptwan.nl\/","name":"WP Twan","description":"Website Designer Amsterdam","publisher":{"@id":"https:\/\/wptwan.nl\/#organization"},"potentialAction":[{"@type":"SearchAction","target":{"@type":"EntryPoint","urlTemplate":"https:\/\/wptwan.nl\/?s={search_term_string}"},"query-input":{"@type":"PropertyValueSpecification","valueRequired":true,"valueName":"search_term_string"}}],"inLanguage":"en-GB"},{"@type":"Organization","@id":"https:\/\/wptwan.nl\/#organization","name":"WP Twan","url":"https:\/\/wptwan.nl\/","logo":{"@type":"ImageObject","inLanguage":"en-GB","@id":"https:\/\/wptwan.nl\/#\/schema\/logo\/image\/","url":"https:\/\/wptwan.nl\/wp-content\/uploads\/2025\/09\/250914_WPTwan-logo.png","contentUrl":"https:\/\/wptwan.nl\/wp-content\/uploads\/2025\/09\/250914_WPTwan-logo.png","width":1114,"height":701,"caption":"WP Twan"},"image":{"@id":"https:\/\/wptwan.nl\/#\/schema\/logo\/image\/"}}]}},"_links":{"self":[{"href":"https:\/\/wptwan.nl\/en\/wp-json\/wp\/v2\/pages\/2931","targetHints":{"allow":["GET"]}}],"collection":[{"href":"https:\/\/wptwan.nl\/en\/wp-json\/wp\/v2\/pages"}],"about":[{"href":"https:\/\/wptwan.nl\/en\/wp-json\/wp\/v2\/types\/page"}],"author":[{"embeddable":true,"href":"https:\/\/wptwan.nl\/en\/wp-json\/wp\/v2\/users\/1"}],"replies":[{"embeddable":true,"href":"https:\/\/wptwan.nl\/en\/wp-json\/wp\/v2\/comments?post=2931"}],"version-history":[{"count":22,"href":"https:\/\/wptwan.nl\/en\/wp-json\/wp\/v2\/pages\/2931\/revisions"}],"predecessor-version":[{"id":2959,"href":"https:\/\/wptwan.nl\/en\/wp-json\/wp\/v2\/pages\/2931\/revisions\/2959"}],"wp:attachment":[{"href":"https:\/\/wptwan.nl\/en\/wp-json\/wp\/v2\/media?parent=2931"}],"curies":[{"name":"wp","href":"https:\/\/api.w.org\/{rel}","templated":true}]}}